{"id":47,"date":"2019-03-19T20:35:42","date_gmt":"2019-03-20T03:35:42","guid":{"rendered":"https:\/\/import.bellevuetheme.com\/chalet\/booking-confirmation\/booking-canceled\/"},"modified":"2024-03-28T09:35:44","modified_gmt":"2024-03-28T09:35:44","slug":"reservation-annulee","status":"publish","type":"page","link":"https:\/\/leclosdelacotedor.fr\/en\/confirmation-reservation\/reservation-annulee\/","title":{"rendered":"R\u00e9servation annul\u00e9e"},"content":{"rendered":"<div data-elementor-type=\"wp-post\" data-elementor-id=\"47\" class=\"elementor elementor-47\" data-elementor-post-type=\"page\">\n\t\t\t\t\t\t<section class=\"elementor-section elementor-top-section elementor-element elementor-element-6305cf2f elementor-section-height-min-height elementor-section-boxed elementor-section-height-default elementor-section-items-middle\" data-id=\"6305cf2f\" data-element_type=\"section\" data-e-type=\"section\" data-settings=\"{&quot;background_background&quot;:&quot;classic&quot;}\">\n\t\t\t\t\t\t\t<div class=\"elementor-background-overlay\"><\/div>\n\t\t\t\t\t\t\t<div class=\"elementor-container elementor-column-gap-default\">\n\t\t\t\t\t<div class=\"elementor-column elementor-col-100 elementor-top-column elementor-element elementor-element-10571e37\" data-id=\"10571e37\" data-element_type=\"column\" data-e-type=\"column\">\n\t\t\t<div class=\"elementor-widget-wrap elementor-element-populated\">\n\t\t\t\t\t\t<div class=\"elementor-element elementor-element-203eff27 elementor-widget elementor-widget-spacer\" data-id=\"203eff27\" data-element_type=\"widget\" data-e-type=\"widget\" data-widget_type=\"spacer.default\">\n\t\t\t\t<div class=\"elementor-widget-container\">\n\t\t\t\t\t\t\t<div class=\"elementor-spacer\">\n\t\t\t<div class=\"elementor-spacer-inner\"><\/div>\n\t\t<\/div>\n\t\t\t\t\t\t<\/div>\n\t\t\t\t<\/div>\n\t\t\t\t<div class=\"elementor-element elementor-element-6bf0b463 elementor-view-default elementor-position-top elementor-widget elementor-widget-themo-header\" data-id=\"6bf0b463\" data-element_type=\"widget\" data-e-type=\"widget\" data-widget_type=\"themo-header.default\">\n\t\t\t\t<div class=\"elementor-widget-container\">\n\t\t\t\t\t\t\t<div class=\"th-header-wrap\">\n        <div class=\"elementor-icon-box-wrapper\">\n                            <div class=\"elementor-icon-box-content\">\n                    <h1 class=\"elementor-icon-box-title\">\n                        R\u00e9servation annul\u00e9e                    <\/h1>\n                                        <p class=\"elementor-icon-box-description\"><\/p>\n\n                                    <\/div>\n            <\/div>\n\n        <\/div>\n\n\t\t\t\t\t\t<\/div>\n\t\t\t\t<\/div>\n\t\t\t\t\t<\/div>\n\t\t<\/div>\n\t\t\t\t\t<\/div>\n\t\t<\/section>\n\t\t\t\t<section class=\"elementor-section elementor-top-section elementor-element elementor-element-605c0510 elementor-section-boxed elementor-section-height-default elementor-section-height-default\" data-id=\"605c0510\" data-element_type=\"section\" data-e-type=\"section\">\n\t\t\t\t\t\t<div class=\"elementor-container elementor-column-gap-default\">\n\t\t\t\t\t<div class=\"elementor-column elementor-col-100 elementor-top-column elementor-element elementor-element-394318ac\" data-id=\"394318ac\" data-element_type=\"column\" data-e-type=\"column\">\n\t\t\t<div class=\"elementor-widget-wrap elementor-element-populated\">\n\t\t\t\t\t\t<div class=\"elementor-element elementor-element-5a7a7de6 elementor-widget elementor-widget-spacer\" data-id=\"5a7a7de6\" data-element_type=\"widget\" data-e-type=\"widget\" data-widget_type=\"spacer.default\">\n\t\t\t\t<div class=\"elementor-widget-container\">\n\t\t\t\t\t\t\t<div class=\"elementor-spacer\">\n\t\t\t<div class=\"elementor-spacer-inner\"><\/div>\n\t\t<\/div>\n\t\t\t\t\t\t<\/div>\n\t\t\t\t<\/div>\n\t\t\t\t<div class=\"elementor-element elementor-element-5155b6f0 elementor-widget elementor-widget-text-editor\" data-id=\"5155b6f0\" data-element_type=\"widget\" data-e-type=\"widget\" data-widget_type=\"text-editor.default\">\n\t\t\t\t<div class=\"elementor-widget-container\">\n\t\t\t\t\t\t\t\t\t<p>Votre r\u00e9servation est annul\u00e9e<\/p>\t\t\t\t\t\t\t\t<\/div>\n\t\t\t\t<\/div>\n\t\t\t\t<div class=\"elementor-element elementor-element-1493f5e1 elementor-widget elementor-widget-spacer\" data-id=\"1493f5e1\" data-element_type=\"widget\" data-e-type=\"widget\" data-widget_type=\"spacer.default\">\n\t\t\t\t<div class=\"elementor-widget-container\">\n\t\t\t\t\t\t\t<div class=\"elementor-spacer\">\n\t\t\t<div class=\"elementor-spacer-inner\"><\/div>\n\t\t<\/div>\n\t\t\t\t\t\t<\/div>\n\t\t\t\t<\/div>\n\t\t\t\t\t<\/div>\n\t\t<\/div>\n\t\t\t\t\t<\/div>\n\t\t<\/section>\n\t\t<div class=\"elementor-element elementor-element-6e0f775 e-flex e-con-boxed e-con e-parent\" data-id=\"6e0f775\" data-element_type=\"container\" data-e-type=\"container\">\n\t\t\t\t\t<div class=\"e-con-inner\">\n\t\t\t\t<div class=\"elementor-element elementor-element-4ac7038 elementor-align-center elementor-widget elementor-widget-global elementor-global-941 elementor-widget-button\" data-id=\"4ac7038\" data-element_type=\"widget\" data-e-type=\"widget\" data-widget_type=\"button.default\">\n\t\t\t\t<div class=\"elementor-widget-container\">\n\t\t\t\t\t\t\t\t\t<div class=\"elementor-button-wrapper\">\n\t\t\t\t\t<a class=\"elementor-button elementor-button-link elementor-size-md\" href=\"https:\/\/leclosdelacotedor.fr\/en\/\">\n\t\t\t\t\t\t<span class=\"elementor-button-content-wrapper\">\n\t\t\t\t\t\t\t\t\t<span class=\"elementor-button-text\">Retour \u00e0 la page d'accueil<\/span>\n\t\t\t\t\t<\/span>\n\t\t\t\t\t<\/a>\n\t\t\t\t<\/div>\n\t\t\t\t\t\t\t\t<\/div>\n\t\t\t\t<\/div>\n\t\t\t\t\t<\/div>\n\t\t\t\t<\/div>\n\t\t\t\t<\/div>","protected":false},"excerpt":{"rendered":"<p>R\u00e9servation annul\u00e9e Votre r\u00e9servation est annul\u00e9e Retour \u00e0 la page d&rsquo;accueil<\/p>","protected":false},"author":3,"featured_media":0,"parent":45,"menu_order":0,"comment_status":"closed","ping_status":"closed","template":"","meta":{"footnotes":""},"class_list":["post-47","page","type-page","status-publish","hentry"],"yoast_head":"<!-- This site is optimized with the Yoast SEO plugin v27.4 - https:\/\/yoast.com\/product\/yoast-seo-wordpress\/ -->\n<title>R\u00e9servation annul\u00e9e - Clos de la c&ocirc;te-d&#039;or<\/title>\n<meta name=\"robots\" content=\"index, follow, max-snippet:-1, max-image-preview:large, max-video-preview:-1\" \/>\n<link rel=\"canonical\" href=\"https:\/\/leclosdelacotedor.fr\/en\/confirmation-reservation\/reservation-annulee\/\" \/>\n<meta property=\"og:locale\" content=\"en_GB\" \/>\n<meta property=\"og:type\" content=\"article\" \/>\n<meta property=\"og:title\" content=\"R\u00e9servation annul\u00e9e - Clos de la c&ocirc;te-d&#039;or\" \/>\n<meta property=\"og:description\" content=\"R\u00e9servation annul\u00e9e Votre r\u00e9servation est annul\u00e9e Retour \u00e0 la page d&rsquo;accueil\" \/>\n<meta property=\"og:url\" content=\"https:\/\/leclosdelacotedor.fr\/en\/confirmation-reservation\/reservation-annulee\/\" \/>\n<meta property=\"og:site_name\" content=\"Clos de la c&ocirc;te-d&#039;or\" \/>\n<meta property=\"article:modified_time\" content=\"2024-03-28T09:35:44+00:00\" \/>\n<meta name=\"twitter:card\" content=\"summary_large_image\" \/>\n<meta name=\"twitter:label1\" content=\"Estimated reading time\" \/>\n\t<meta name=\"twitter:data1\" content=\"1 minute\" \/>\n<script type=\"application\/ld+json\" class=\"yoast-schema-graph\">{\"@context\":\"https:\\\/\\\/schema.org\",\"@graph\":[{\"@type\":\"WebPage\",\"@id\":\"https:\\\/\\\/leclosdelacotedor.fr\\\/confirmation-reservation\\\/reservation-annulee\\\/\",\"url\":\"https:\\\/\\\/leclosdelacotedor.fr\\\/confirmation-reservation\\\/reservation-annulee\\\/\",\"name\":\"R\u00e9servation annul\u00e9e - Clos de la c&ocirc;te-d'or\",\"isPartOf\":{\"@id\":\"https:\\\/\\\/leclosdelacotedor.fr\\\/#website\"},\"datePublished\":\"2019-03-20T03:35:42+00:00\",\"dateModified\":\"2024-03-28T09:35:44+00:00\",\"breadcrumb\":{\"@id\":\"https:\\\/\\\/leclosdelacotedor.fr\\\/confirmation-reservation\\\/reservation-annulee\\\/#breadcrumb\"},\"inLanguage\":\"en-GB\",\"potentialAction\":[{\"@type\":\"ReadAction\",\"target\":[\"https:\\\/\\\/leclosdelacotedor.fr\\\/confirmation-reservation\\\/reservation-annulee\\\/\"]}]},{\"@type\":\"BreadcrumbList\",\"@id\":\"https:\\\/\\\/leclosdelacotedor.fr\\\/confirmation-reservation\\\/reservation-annulee\\\/#breadcrumb\",\"itemListElement\":[{\"@type\":\"ListItem\",\"position\":1,\"name\":\"Home\",\"item\":\"https:\\\/\\\/leclosdelacotedor.fr\\\/\"},{\"@type\":\"ListItem\",\"position\":2,\"name\":\"Confirmation de r\u00e9servation\",\"item\":\"https:\\\/\\\/leclosdelacotedor.fr\\\/confirmation-reservation\\\/\"},{\"@type\":\"ListItem\",\"position\":3,\"name\":\"R\u00e9servation annul\u00e9e\"}]},{\"@type\":\"WebSite\",\"@id\":\"https:\\\/\\\/leclosdelacotedor.fr\\\/#website\",\"url\":\"https:\\\/\\\/leclosdelacotedor.fr\\\/\",\"name\":\"Clos de la c&ocirc;te-d'or\",\"description\":\"\",\"publisher\":{\"@id\":\"https:\\\/\\\/leclosdelacotedor.fr\\\/#organization\"},\"potentialAction\":[{\"@type\":\"SearchAction\",\"target\":{\"@type\":\"EntryPoint\",\"urlTemplate\":\"https:\\\/\\\/leclosdelacotedor.fr\\\/?s={search_term_string}\"},\"query-input\":{\"@type\":\"PropertyValueSpecification\",\"valueRequired\":true,\"valueName\":\"search_term_string\"}}],\"inLanguage\":\"en-GB\"},{\"@type\":\"Organization\",\"@id\":\"https:\\\/\\\/leclosdelacotedor.fr\\\/#organization\",\"name\":\"Clos de la c&ocirc;te-d'or\",\"url\":\"https:\\\/\\\/leclosdelacotedor.fr\\\/\",\"logo\":{\"@type\":\"ImageObject\",\"inLanguage\":\"en-GB\",\"@id\":\"https:\\\/\\\/leclosdelacotedor.fr\\\/#\\\/schema\\\/logo\\\/image\\\/\",\"url\":\"https:\\\/\\\/leclosdelacotedor.fr\\\/wp-content\\\/uploads\\\/2024\\\/01\\\/cropped-gite-cote-dor-beaune.png\",\"contentUrl\":\"https:\\\/\\\/leclosdelacotedor.fr\\\/wp-content\\\/uploads\\\/2024\\\/01\\\/cropped-gite-cote-dor-beaune.png\",\"width\":975,\"height\":1243,\"caption\":\"Clos de la c&ocirc;te-d'or\"},\"image\":{\"@id\":\"https:\\\/\\\/leclosdelacotedor.fr\\\/#\\\/schema\\\/logo\\\/image\\\/\"}}]}<\/script>\n<!-- \/ Yoast SEO plugin. -->","yoast_head_json":{"title":"R\u00e9servation annul\u00e9e - Clos de la c&ocirc;te-d'or","robots":{"index":"index","follow":"follow","max-snippet":"max-snippet:-1","max-image-preview":"max-image-preview:large","max-video-preview":"max-video-preview:-1"},"canonical":"https:\/\/leclosdelacotedor.fr\/en\/confirmation-reservation\/reservation-annulee\/","og_locale":"en_GB","og_type":"article","og_title":"R\u00e9servation annul\u00e9e - Clos de la c&ocirc;te-d'or","og_description":"R\u00e9servation annul\u00e9e Votre r\u00e9servation est annul\u00e9e Retour \u00e0 la page d&rsquo;accueil","og_url":"https:\/\/leclosdelacotedor.fr\/en\/confirmation-reservation\/reservation-annulee\/","og_site_name":"Clos de la c&ocirc;te-d'or","article_modified_time":"2024-03-28T09:35:44+00:00","twitter_card":"summary_large_image","twitter_misc":{"Estimated reading time":"1 minute"},"schema":{"@context":"https:\/\/schema.org","@graph":[{"@type":"WebPage","@id":"https:\/\/leclosdelacotedor.fr\/confirmation-reservation\/reservation-annulee\/","url":"https:\/\/leclosdelacotedor.fr\/confirmation-reservation\/reservation-annulee\/","name":"R\u00e9servation annul\u00e9e - Clos de la c&ocirc;te-d'or","isPartOf":{"@id":"https:\/\/leclosdelacotedor.fr\/#website"},"datePublished":"2019-03-20T03:35:42+00:00","dateModified":"2024-03-28T09:35:44+00:00","breadcrumb":{"@id":"https:\/\/leclosdelacotedor.fr\/confirmation-reservation\/reservation-annulee\/#breadcrumb"},"inLanguage":"en-GB","potentialAction":[{"@type":"ReadAction","target":["https:\/\/leclosdelacotedor.fr\/confirmation-reservation\/reservation-annulee\/"]}]},{"@type":"BreadcrumbList","@id":"https:\/\/leclosdelacotedor.fr\/confirmation-reservation\/reservation-annulee\/#breadcrumb","itemListElement":[{"@type":"ListItem","position":1,"name":"Home","item":"https:\/\/leclosdelacotedor.fr\/"},{"@type":"ListItem","position":2,"name":"Confirmation de r\u00e9servation","item":"https:\/\/leclosdelacotedor.fr\/confirmation-reservation\/"},{"@type":"ListItem","position":3,"name":"R\u00e9servation annul\u00e9e"}]},{"@type":"WebSite","@id":"https:\/\/leclosdelacotedor.fr\/#website","url":"https:\/\/leclosdelacotedor.fr\/","name":"Clos de la c&ocirc;te-d'or","description":"","publisher":{"@id":"https:\/\/leclosdelacotedor.fr\/#organization"},"potentialAction":[{"@type":"SearchAction","target":{"@type":"EntryPoint","urlTemplate":"https:\/\/leclosdelacotedor.fr\/?s={search_term_string}"},"query-input":{"@type":"PropertyValueSpecification","valueRequired":true,"valueName":"search_term_string"}}],"inLanguage":"en-GB"},{"@type":"Organization","@id":"https:\/\/leclosdelacotedor.fr\/#organization","name":"Clos de la c&ocirc;te-d'or","url":"https:\/\/leclosdelacotedor.fr\/","logo":{"@type":"ImageObject","inLanguage":"en-GB","@id":"https:\/\/leclosdelacotedor.fr\/#\/schema\/logo\/image\/","url":"https:\/\/leclosdelacotedor.fr\/wp-content\/uploads\/2024\/01\/cropped-gite-cote-dor-beaune.png","contentUrl":"https:\/\/leclosdelacotedor.fr\/wp-content\/uploads\/2024\/01\/cropped-gite-cote-dor-beaune.png","width":975,"height":1243,"caption":"Clos de la c&ocirc;te-d'or"},"image":{"@id":"https:\/\/leclosdelacotedor.fr\/#\/schema\/logo\/image\/"}}]}},"_links":{"self":[{"href":"https:\/\/leclosdelacotedor.fr\/en\/wp-json\/wp\/v2\/pages\/47","targetHints":{"allow":["GET"]}}],"collection":[{"href":"https:\/\/leclosdelacotedor.fr\/en\/wp-json\/wp\/v2\/pages"}],"about":[{"href":"https:\/\/leclosdelacotedor.fr\/en\/wp-json\/wp\/v2\/types\/page"}],"author":[{"embeddable":true,"href":"https:\/\/leclosdelacotedor.fr\/en\/wp-json\/wp\/v2\/users\/3"}],"replies":[{"embeddable":true,"href":"https:\/\/leclosdelacotedor.fr\/en\/wp-json\/wp\/v2\/comments?post=47"}],"version-history":[{"count":13,"href":"https:\/\/leclosdelacotedor.fr\/en\/wp-json\/wp\/v2\/pages\/47\/revisions"}],"predecessor-version":[{"id":946,"href":"https:\/\/leclosdelacotedor.fr\/en\/wp-json\/wp\/v2\/pages\/47\/revisions\/946"}],"up":[{"embeddable":true,"href":"https:\/\/leclosdelacotedor.fr\/en\/wp-json\/wp\/v2\/pages\/45"}],"wp:attachment":[{"href":"https:\/\/leclosdelacotedor.fr\/en\/wp-json\/wp\/v2\/media?parent=47"}],"curies":[{"name":"wp","href":"https:\/\/api.w.org\/{rel}","templated":true}]}}