{"id":2298,"date":"2025-12-11T11:43:54","date_gmt":"2025-12-11T11:43:54","guid":{"rendered":"https:\/\/leclosdelacotedor.fr\/?page_id=2298"},"modified":"2025-12-16T09:03:12","modified_gmt":"2025-12-16T09:03:12","slug":"carte-cadeau","status":"publish","type":"page","link":"https:\/\/leclosdelacotedor.fr\/en\/carte-cadeau\/","title":{"rendered":"Carte cadeau"},"content":{"rendered":"\t\t<div data-elementor-type=\"wp-page\" data-elementor-id=\"2298\" class=\"elementor elementor-2298\" data-elementor-post-type=\"page\">\n\t\t\t\t<div class=\"elementor-element elementor-element-2d1da9a e-flex e-con-boxed e-con e-parent\" data-id=\"2d1da9a\" data-element_type=\"container\" data-e-type=\"container\">\n\t\t\t\t\t<div class=\"e-con-inner\">\n\t\t\t\t<div class=\"elementor-element elementor-element-e5a4ed5 elementor-widget elementor-widget-spacer\" data-id=\"e5a4ed5\" data-element_type=\"widget\" data-e-type=\"widget\" data-widget_type=\"spacer.default\">\n\t\t\t\t<div class=\"elementor-widget-container\">\n\t\t\t\t\t\t\t<div class=\"elementor-spacer\">\n\t\t\t<div class=\"elementor-spacer-inner\"><\/div>\n\t\t<\/div>\n\t\t\t\t\t\t<\/div>\n\t\t\t\t<\/div>\n\t\t\t\t\t<\/div>\n\t\t\t\t<\/div>\n\t\t<div class=\"elementor-element elementor-element-d3d34e1 e-flex e-con-boxed e-con e-parent\" data-id=\"d3d34e1\" data-element_type=\"container\" data-e-type=\"container\">\n\t\t\t\t\t<div class=\"e-con-inner\">\n\t\t\t\t<div class=\"elementor-element elementor-element-511a5ad elementor-widget elementor-widget-heading\" data-id=\"511a5ad\" data-element_type=\"widget\" data-e-type=\"widget\" data-widget_type=\"heading.default\">\n\t\t\t\t<div class=\"elementor-widget-container\">\n\t\t\t\t\t<h1 class=\"elementor-heading-title elementor-size-default\">Carte cadeau Clos de la C\u00f4te d'Or : l'id\u00e9e cadeau parfaite pour un s\u00e9jour en Bourgogne<\/h1>\t\t\t\t<\/div>\n\t\t\t\t<\/div>\n\t\t\t\t\t<\/div>\n\t\t\t\t<\/div>\n\t\t<div class=\"elementor-element elementor-element-8f02885 e-flex e-con-boxed e-con e-parent\" data-id=\"8f02885\" data-element_type=\"container\" data-e-type=\"container\">\n\t\t\t\t\t<div class=\"e-con-inner\">\n\t\t\t\t<div class=\"elementor-element elementor-element-2b9972e elementor-widget elementor-widget-text-editor\" data-id=\"2b9972e\" data-element_type=\"widget\" data-e-type=\"widget\" data-widget_type=\"text-editor.default\">\n\t\t\t\t<div class=\"elementor-widget-container\">\n\t\t\t\t\t\t\t\t\t<p>Vous cherchez un cadeau original et m\u00e9morable ? La carte cadeau du <strong>Clos de la C\u00f4te d&rsquo;Or<\/strong> vous permet d&rsquo;offrir bien plus qu&rsquo;une simple nuit d&rsquo;h\u00f4tel : c&rsquo;est une v\u00e9ritable invitation \u00e0 s&rsquo;\u00e9vader, \u00e0 se ressourcer et \u00e0 d\u00e9couvrir les tr\u00e9sors cach\u00e9s de la <strong>Bourgogne<\/strong>. Que ce soit pour un anniversaire, un mariage, une retraite ou simplement pour faire plaisir \u00e0 vos proches, notre carte-cadeau avec montant libre offre une flexibilit\u00e9 totale pour cr\u00e9er le s\u00e9jour sur mesure de vos r\u00eaves.<\/p>\t\t\t\t\t\t\t\t<\/div>\n\t\t\t\t<\/div>\n\t\t\t\t\t<\/div>\n\t\t\t\t<\/div>\n\t\t<div class=\"elementor-element elementor-element-dffe947 e-flex e-con-boxed e-con e-parent\" data-id=\"dffe947\" data-element_type=\"container\" data-e-type=\"container\">\n\t\t\t\t\t<div class=\"e-con-inner\">\n\t\t\t\t<div class=\"elementor-element elementor-element-adc9401 elementor-widget elementor-widget-shortcode\" data-id=\"adc9401\" data-element_type=\"widget\" data-e-type=\"widget\" data-widget_type=\"shortcode.default\">\n\t\t\t\t<div class=\"elementor-widget-container\">\n\t\t\t\t\t\t\t<div class=\"elementor-shortcode\"><div class=\"gift-up-target\" \r\n            data-site-id=\"bf1eb233-4483-4a3d-6fe8-08de37e12af2\" \r\n            data-domain=\"\"\r\n            data-product-id=\"\"\r\n            data-group-id=\"\"\r\n            data-payment-methods=\"\"\r\n            data-language=\"\"\r\n            data-purchaser-name=\"\"\r\n            data-purchaser-email=\"\"\r\n            data-recipient-name=\"\"\r\n            data-recipient-email=\"\"\r\n            data-step=\"\"\r\n            data-who-for=\"\"\r\n            data-promo-code=\"\"\r\n            data-hide-artwork=\"\"\r\n            data-hide-groups=\"\"\r\n            data-hide-ungrouped-items=\"\"\r\n            data-hide-custom-value=\"\"\r\n            data-custom-value-amount=\"\"\r\n            data-referrer=\"\"\r\n            data-platform=\"Wordpress\"\r\n        ><\/div>\r\n        <script type=\"text\/javascript\">\r\n        (function (g, i, f, t, u, p, s) {\r\n            g[u] = g[u] || function() { (g[u].q = g[u].q || []).push(arguments) };\r\n            p = i.createElement(f);\r\n            p.async = 1;\r\n            p.src = t;\r\n            s = i.getElementsByTagName(f)[0];\r\n            s.parentNode.insertBefore(p, s);\r\n        })(window, document, 'script', 'https:\/\/cdn.giftup.app\/dist\/gift-up.js', 'giftup');\r\n        <\/script><\/div>\n\t\t\t\t\t\t<\/div>\n\t\t\t\t<\/div>\n\t\t\t\t<div class=\"elementor-element elementor-element-b697c21 elementor-align-center elementor-mobile-align-center elementor-widget elementor-widget-global elementor-global-817 elementor-widget-button\" data-id=\"b697c21\" data-element_type=\"widget\" data-e-type=\"widget\" data-widget_type=\"button.default\">\n\t\t\t\t<div class=\"elementor-widget-container\">\n\t\t\t\t\t\t\t\t\t<div class=\"elementor-button-wrapper\">\n\t\t\t\t\t<a class=\"elementor-button elementor-button-link elementor-size-sm\" href=\"https:\/\/leclosdelacotedor.fr\/accommodation\/gite-clos-de-la-cote-dor\/\">\n\t\t\t\t\t\t<span class=\"elementor-button-content-wrapper\">\n\t\t\t\t\t\t\t\t\t<span class=\"elementor-button-text\">R\u00e9servez votre s\u00e9jour<\/span>\n\t\t\t\t\t<\/span>\n\t\t\t\t\t<\/a>\n\t\t\t\t<\/div>\n\t\t\t\t\t\t\t\t<\/div>\n\t\t\t\t<\/div>\n\t\t\t\t\t<\/div>\n\t\t\t\t<\/div>\n\t\t<div class=\"elementor-element elementor-element-1ec8237 e-flex e-con-boxed e-con e-parent\" data-id=\"1ec8237\" data-element_type=\"container\" data-e-type=\"container\">\n\t\t\t\t\t<div class=\"e-con-inner\">\n\t\t\t\t<div class=\"elementor-element elementor-element-a7a8f8c elementor-widget elementor-widget-text-editor\" data-id=\"a7a8f8c\" data-element_type=\"widget\" data-e-type=\"widget\" data-widget_type=\"text-editor.default\">\n\t\t\t\t<div class=\"elementor-widget-container\">\n\t\t\t\t\t\t\t\t\t<h2>Pourquoi offrir une carte cadeau du Clos de la C\u00f4te d&rsquo;Or<\/h2><div><p class=\"text-base\">Vos proches pourront profiter d&rsquo;un repos m\u00e9rit\u00e9 dans un cadre idyllique, entour\u00e9s des vignobles pittoresques de la <strong>C\u00f4te d&rsquo;Or<\/strong>, loin du bruit et de l&rsquo;agitation urbaine. C&rsquo;est offrir non seulement un h\u00e9bergement, mais une v\u00e9ritable parenth\u00e8se enchant\u00e9e o\u00f9 d\u00e9tente et d\u00e9couverte se conjuguent parfaitement.<\/p><h3 class=\"text-xl leading-custom-1.6 mt-4 mb-2 font-bold\">La flexibilit\u00e9 d&rsquo;un montant libre<\/h3><p class=\"text-base\">Notre syst\u00e8me de carte-cadeau innovant permet de choisir librement le montant, adaptant votre cadeau \u00e0 votre budget et \u00e0 vos envies. Que vous souhaitiez offrir un week-end cosy pour deux personnes, une semaine en famille compl\u00e8te, ou un court s\u00e9jour avec activit\u00e9s sp\u00e9cialis\u00e9es, vous ma\u00eetrisez totalement la valeur de votre cadeau.<\/p><div><p class=\"text-base\">Que ce soit pour des amoureux en qu\u00eate de romantisme, une famille souhaitant partager des moments privil\u00e9gi\u00e9s, des amis passionn\u00e9s de cyclisme, des couples de retrait\u00e9s cherchant \u00e0 explorer la Bourgogne, ou des voyageurs en qu\u00eate d&rsquo;authenticit\u00e9, la carte cadeau du Clos de la C\u00f4te d&rsquo;Or s&rsquo;adapte \u00e0 tous les projets.<\/p><p class=\"text-base\">Notre <strong>g\u00eete<\/strong> propose une vari\u00e9t\u00e9 d&rsquo;activit\u00e9s et d&rsquo;\u00e9quipements permettant \u00e0 chacun de composer son s\u00e9jour id\u00e9al : spa et bien-\u00eatre pour les uns, balades \u00e0 v\u00e9lo pour les autres, d\u00e9gustations viticoles, randonn\u00e9es en for\u00eat, ou d\u00e9couverte du patrimoine architectural bourguignon.<\/p><div><h2 class=\"text-xl leading-custom-1.6 mt-4 mb-2 font-bold\">Les activit\u00e9s et d\u00e9couvertes bourguignonnes<\/h2><p class=\"text-base\">Chaque s\u00e9jour est une opportunit\u00e9 unique de d\u00e9couvrir la <strong>Bourgogne<\/strong> sous diff\u00e9rentes facettes. Les <strong><a class=\"text-primary-600 inline-block   text-center  text-base font-semibold cursor-pointer undefined\" href=\"https:\/\/leclosdelacotedor.fr\/ou-faire-les-plus-belles-balades-a-velo-en-cote-dor\/\" target=\"_blank\" rel=\"noopener\">balades \u00e0 v\u00e9lo en C\u00f4te d&rsquo;Or<\/a> <\/strong>permettent d&rsquo;explorer les vignobles \u00e0 votre rythme, tandis que les visites de caves offrent une immersion authentique dans le monde viticole.<\/p><p class=\"text-base\">La r\u00e9gion regorge \u00e9galement d&rsquo;activit\u00e9s vari\u00e9es : randonn\u00e9es dans les Hautes-C\u00f4tes, visites de villages m\u00e9di\u00e9vaux, d\u00e9couverte des march\u00e9s locaux avec leurs produits du terroir, et bien s\u00fbr, d\u00e9gustations de vins d&rsquo;exception. Nos propri\u00e9taires partagent volontiers leurs bons plans et adresses secr\u00e8tes pour optimiser chaque journ\u00e9e.<\/p><div><h3 class=\"text-2xl leading-custom-1.3 mt-8 mb-4 font-bold\">Comment utiliser votre carte cadeau<\/h3><h4 class=\"text-xl leading-custom-1.6 mt-4 mb-2 font-bold\">Une validit\u00e9 g\u00e9n\u00e9reuseuse pour planifier \u00e0 votre rythme<\/h4><p class=\"text-base\">La carte-cadeau du <strong>Clos de la C\u00f4te d&rsquo;Or<\/strong> est <strong>valable deux ans<\/strong> \u00e0 partir de sa date d&rsquo;\u00e9mission, offrant une flexibilit\u00e9 maximale pour choisir les dates les plus appropri\u00e9es. Qu&rsquo;il s&rsquo;agisse d&rsquo;un s\u00e9jour pour le printemps en fleurs, l&rsquo;\u00e9t\u00e9 ensoleill\u00e9, l&rsquo;automne aux couleurs flamboyantes ou l&rsquo;hiver f\u00e9erique, chaque saison offre son charme particulier en <strong>Bourgogne<\/strong>.<\/p><p class=\"text-base\">Cette validit\u00e9 g\u00e9n\u00e9reuse permet aussi de combiner votre carte-cadeau avec d&rsquo;autres pour organiser un s\u00e9jour plus long ou plus luxueux, selon vos envies du moment.<\/p><\/div><div><h3 class=\"text-xl leading-custom-1.6 mt-4 mb-2 font-bold\">La r\u00e9servation simple et directe<\/h3><p class=\"text-base\">Utiliser votre <strong>carte cadeau<\/strong> est extr\u00eamement simple. Consultez les <a class=\"text-primary-600 inline-block   text-center  text-base font-semibold cursor-pointer undefined\" target=\"_blank\">disponibilit\u00e9s et tarifs<\/a>, choisissez vos dates, et <strong>contactez-nous directement pour finaliser votre r\u00e9servation<\/strong>.\u00a0<\/p><p class=\"text-base\">Aucune contrainte administrative fastidieuse, pas de conditions restrictives cach\u00e9es : juste une exp\u00e9rience simple et directe pour transformer votre cadeau en souvenirs authentiques.<\/p><\/div><\/div><\/div><\/div>\t\t\t\t\t\t\t\t<\/div>\n\t\t\t\t<\/div>\n\t\t\t\t<div class=\"elementor-element elementor-element-9f6fbc5 elementor-align-center elementor-widget elementor-widget-button\" data-id=\"9f6fbc5\" data-element_type=\"widget\" data-e-type=\"widget\" data-widget_type=\"button.default\">\n\t\t\t\t<div class=\"elementor-widget-container\">\n\t\t\t\t\t\t\t\t\t<div class=\"elementor-button-wrapper\">\n\t\t\t\t\t<a class=\"elementor-button elementor-button-link elementor-size-sm\" href=\"https:\/\/leclosdelacotedor.fr\/blog\/\">\n\t\t\t\t\t\t<span class=\"elementor-button-content-wrapper\">\n\t\t\t\t\t\t\t\t\t<span class=\"elementor-button-text\">D\u00e9couvrez les activit\u00e9s autour de notre g\u00eete<\/span>\n\t\t\t\t\t<\/span>\n\t\t\t\t\t<\/a>\n\t\t\t\t<\/div>\n\t\t\t\t\t\t\t\t<\/div>\n\t\t\t\t<\/div>\n\t\t\t\t\t<\/div>\n\t\t\t\t<\/div>\n\t\t\t\t<\/div>\n\t\t","protected":false},"excerpt":{"rendered":"<p>Carte cadeau Clos de la C\u00f4te d&rsquo;Or : l&rsquo;id\u00e9e cadeau parfaite pour un s\u00e9jour en Bourgogne Vous cherchez un cadeau original et m\u00e9morable ? La carte cadeau du Clos de la C\u00f4te d&rsquo;Or vous permet d&rsquo;offrir bien plus qu&rsquo;une simple &hellip; <a href=\"https:\/\/leclosdelacotedor.fr\/en\/carte-cadeau\/\">Read More<\/a><\/p>","protected":false},"author":3,"featured_media":0,"parent":0,"menu_order":0,"comment_status":"closed","ping_status":"closed","template":"","meta":{"footnotes":""},"class_list":["post-2298","page","type-page","status-publish","hentry"],"yoast_head":"<!-- This site is optimized with the Yoast SEO plugin v27.5 - https:\/\/yoast.com\/product\/yoast-seo-wordpress\/ -->\n<title>Carte cadeau - Clos de la c&ocirc;te-d&#039;or<\/title>\n<meta name=\"description\" content=\"Carte-cadeau g\u00eete Bourgogne : offrez un s\u00e9jour inoubliable en Bourgogne ! Id\u00e9ale pour un week-end d&#039;exception en C\u00f4te d&#039;Or.\" \/>\n<meta name=\"robots\" content=\"index, follow, max-snippet:-1, max-image-preview:large, max-video-preview:-1\" \/>\n<link rel=\"canonical\" href=\"https:\/\/leclosdelacotedor.fr\/en\/carte-cadeau\/\" \/>\n<meta property=\"og:locale\" content=\"en_GB\" \/>\n<meta property=\"og:type\" content=\"article\" \/>\n<meta property=\"og:title\" content=\"Carte cadeau - Clos de la c&ocirc;te-d&#039;or\" \/>\n<meta property=\"og:description\" content=\"Carte-cadeau g\u00eete Bourgogne : offrez un s\u00e9jour inoubliable en Bourgogne ! Id\u00e9ale pour un week-end d&#039;exception en C\u00f4te d&#039;Or.\" \/>\n<meta property=\"og:url\" content=\"https:\/\/leclosdelacotedor.fr\/en\/carte-cadeau\/\" \/>\n<meta property=\"og:site_name\" content=\"Clos de la c&ocirc;te-d&#039;or\" \/>\n<meta property=\"article:modified_time\" content=\"2025-12-16T09:03:12+00:00\" \/>\n<meta name=\"twitter:card\" content=\"summary_large_image\" \/>\n<meta name=\"twitter:label1\" content=\"Estimated reading time\" \/>\n\t<meta name=\"twitter:data1\" content=\"3 minutes\" \/>\n<script type=\"application\/ld+json\" class=\"yoast-schema-graph\">{\"@context\":\"https:\\\/\\\/schema.org\",\"@graph\":[{\"@type\":\"WebPage\",\"@id\":\"https:\\\/\\\/leclosdelacotedor.fr\\\/carte-cadeau\\\/\",\"url\":\"https:\\\/\\\/leclosdelacotedor.fr\\\/carte-cadeau\\\/\",\"name\":\"Carte cadeau - Clos de la c&ocirc;te-d'or\",\"isPartOf\":{\"@id\":\"https:\\\/\\\/leclosdelacotedor.fr\\\/#website\"},\"datePublished\":\"2025-12-11T11:43:54+00:00\",\"dateModified\":\"2025-12-16T09:03:12+00:00\",\"description\":\"Carte-cadeau g\u00eete Bourgogne : offrez un s\u00e9jour inoubliable en Bourgogne ! Id\u00e9ale pour un week-end d'exception en C\u00f4te d'Or.\",\"breadcrumb\":{\"@id\":\"https:\\\/\\\/leclosdelacotedor.fr\\\/carte-cadeau\\\/#breadcrumb\"},\"inLanguage\":\"en-GB\",\"potentialAction\":[{\"@type\":\"ReadAction\",\"target\":[\"https:\\\/\\\/leclosdelacotedor.fr\\\/carte-cadeau\\\/\"]}]},{\"@type\":\"BreadcrumbList\",\"@id\":\"https:\\\/\\\/leclosdelacotedor.fr\\\/carte-cadeau\\\/#breadcrumb\",\"itemListElement\":[{\"@type\":\"ListItem\",\"position\":1,\"name\":\"Home\",\"item\":\"https:\\\/\\\/leclosdelacotedor.fr\\\/\"},{\"@type\":\"ListItem\",\"position\":2,\"name\":\"Carte cadeau\"}]},{\"@type\":\"WebSite\",\"@id\":\"https:\\\/\\\/leclosdelacotedor.fr\\\/#website\",\"url\":\"https:\\\/\\\/leclosdelacotedor.fr\\\/\",\"name\":\"Clos de la c&ocirc;te-d'or\",\"description\":\"\",\"publisher\":{\"@id\":\"https:\\\/\\\/leclosdelacotedor.fr\\\/#organization\"},\"potentialAction\":[{\"@type\":\"SearchAction\",\"target\":{\"@type\":\"EntryPoint\",\"urlTemplate\":\"https:\\\/\\\/leclosdelacotedor.fr\\\/?s={search_term_string}\"},\"query-input\":{\"@type\":\"PropertyValueSpecification\",\"valueRequired\":true,\"valueName\":\"search_term_string\"}}],\"inLanguage\":\"en-GB\"},{\"@type\":\"Organization\",\"@id\":\"https:\\\/\\\/leclosdelacotedor.fr\\\/#organization\",\"name\":\"Clos de la c&ocirc;te-d'or\",\"url\":\"https:\\\/\\\/leclosdelacotedor.fr\\\/\",\"logo\":{\"@type\":\"ImageObject\",\"inLanguage\":\"en-GB\",\"@id\":\"https:\\\/\\\/leclosdelacotedor.fr\\\/#\\\/schema\\\/logo\\\/image\\\/\",\"url\":\"https:\\\/\\\/leclosdelacotedor.fr\\\/wp-content\\\/uploads\\\/2024\\\/01\\\/cropped-gite-cote-dor-beaune.png\",\"contentUrl\":\"https:\\\/\\\/leclosdelacotedor.fr\\\/wp-content\\\/uploads\\\/2024\\\/01\\\/cropped-gite-cote-dor-beaune.png\",\"width\":975,\"height\":1243,\"caption\":\"Clos de la c&ocirc;te-d'or\"},\"image\":{\"@id\":\"https:\\\/\\\/leclosdelacotedor.fr\\\/#\\\/schema\\\/logo\\\/image\\\/\"}}]}<\/script>\n<!-- \/ Yoast SEO plugin. -->","yoast_head_json":{"title":"Carte cadeau - Clos de la c&ocirc;te-d'or","description":"Carte-cadeau g\u00eete Bourgogne : offrez un s\u00e9jour inoubliable en Bourgogne ! Id\u00e9ale pour un week-end d'exception en C\u00f4te d'Or.","robots":{"index":"index","follow":"follow","max-snippet":"max-snippet:-1","max-image-preview":"max-image-preview:large","max-video-preview":"max-video-preview:-1"},"canonical":"https:\/\/leclosdelacotedor.fr\/en\/carte-cadeau\/","og_locale":"en_GB","og_type":"article","og_title":"Carte cadeau - Clos de la c&ocirc;te-d'or","og_description":"Carte-cadeau g\u00eete Bourgogne : offrez un s\u00e9jour inoubliable en Bourgogne ! Id\u00e9ale pour un week-end d'exception en C\u00f4te d'Or.","og_url":"https:\/\/leclosdelacotedor.fr\/en\/carte-cadeau\/","og_site_name":"Clos de la c&ocirc;te-d'or","article_modified_time":"2025-12-16T09:03:12+00:00","twitter_card":"summary_large_image","twitter_misc":{"Estimated reading time":"3 minutes"},"schema":{"@context":"https:\/\/schema.org","@graph":[{"@type":"WebPage","@id":"https:\/\/leclosdelacotedor.fr\/carte-cadeau\/","url":"https:\/\/leclosdelacotedor.fr\/carte-cadeau\/","name":"Carte cadeau - Clos de la c&ocirc;te-d'or","isPartOf":{"@id":"https:\/\/leclosdelacotedor.fr\/#website"},"datePublished":"2025-12-11T11:43:54+00:00","dateModified":"2025-12-16T09:03:12+00:00","description":"Carte-cadeau g\u00eete Bourgogne : offrez un s\u00e9jour inoubliable en Bourgogne ! Id\u00e9ale pour un week-end d'exception en C\u00f4te d'Or.","breadcrumb":{"@id":"https:\/\/leclosdelacotedor.fr\/carte-cadeau\/#breadcrumb"},"inLanguage":"en-GB","potentialAction":[{"@type":"ReadAction","target":["https:\/\/leclosdelacotedor.fr\/carte-cadeau\/"]}]},{"@type":"BreadcrumbList","@id":"https:\/\/leclosdelacotedor.fr\/carte-cadeau\/#breadcrumb","itemListElement":[{"@type":"ListItem","position":1,"name":"Home","item":"https:\/\/leclosdelacotedor.fr\/"},{"@type":"ListItem","position":2,"name":"Carte cadeau"}]},{"@type":"WebSite","@id":"https:\/\/leclosdelacotedor.fr\/#website","url":"https:\/\/leclosdelacotedor.fr\/","name":"Clos de la c&ocirc;te-d'or","description":"","publisher":{"@id":"https:\/\/leclosdelacotedor.fr\/#organization"},"potentialAction":[{"@type":"SearchAction","target":{"@type":"EntryPoint","urlTemplate":"https:\/\/leclosdelacotedor.fr\/?s={search_term_string}"},"query-input":{"@type":"PropertyValueSpecification","valueRequired":true,"valueName":"search_term_string"}}],"inLanguage":"en-GB"},{"@type":"Organization","@id":"https:\/\/leclosdelacotedor.fr\/#organization","name":"Clos de la c&ocirc;te-d'or","url":"https:\/\/leclosdelacotedor.fr\/","logo":{"@type":"ImageObject","inLanguage":"en-GB","@id":"https:\/\/leclosdelacotedor.fr\/#\/schema\/logo\/image\/","url":"https:\/\/leclosdelacotedor.fr\/wp-content\/uploads\/2024\/01\/cropped-gite-cote-dor-beaune.png","contentUrl":"https:\/\/leclosdelacotedor.fr\/wp-content\/uploads\/2024\/01\/cropped-gite-cote-dor-beaune.png","width":975,"height":1243,"caption":"Clos de la c&ocirc;te-d'or"},"image":{"@id":"https:\/\/leclosdelacotedor.fr\/#\/schema\/logo\/image\/"}}]}},"_links":{"self":[{"href":"https:\/\/leclosdelacotedor.fr\/en\/wp-json\/wp\/v2\/pages\/2298","targetHints":{"allow":["GET"]}}],"collection":[{"href":"https:\/\/leclosdelacotedor.fr\/en\/wp-json\/wp\/v2\/pages"}],"about":[{"href":"https:\/\/leclosdelacotedor.fr\/en\/wp-json\/wp\/v2\/types\/page"}],"author":[{"embeddable":true,"href":"https:\/\/leclosdelacotedor.fr\/en\/wp-json\/wp\/v2\/users\/3"}],"replies":[{"embeddable":true,"href":"https:\/\/leclosdelacotedor.fr\/en\/wp-json\/wp\/v2\/comments?post=2298"}],"version-history":[{"count":10,"href":"https:\/\/leclosdelacotedor.fr\/en\/wp-json\/wp\/v2\/pages\/2298\/revisions"}],"predecessor-version":[{"id":2310,"href":"https:\/\/leclosdelacotedor.fr\/en\/wp-json\/wp\/v2\/pages\/2298\/revisions\/2310"}],"wp:attachment":[{"href":"https:\/\/leclosdelacotedor.fr\/en\/wp-json\/wp\/v2\/media?parent=2298"}],"curies":[{"name":"wp","href":"https:\/\/api.w.org\/{rel}","templated":true}]}}